{"id":2807,"date":"2018-12-21T14:21:38","date_gmt":"2018-12-21T14:21:38","guid":{"rendered":"http:\/\/3.121.233.124\/?page_id=2807"},"modified":"2022-07-28T10:23:39","modified_gmt":"2022-07-28T10:23:39","slug":"privacy-policy","status":"publish","type":"page","link":"https:\/\/advanceeasymoving.it\/fr\/politique-de-confidentialite\/","title":{"rendered":"Privacy"},"content":{"rendered":"<div data-elementor-type=\"wp-post\" data-elementor-id=\"2807\" class=\"elementor elementor-2807\" data-elementor-post-type=\"page\">\n\t\t\t\t\t\t<section class=\"elementor-section elementor-top-section elementor-element elementor-element-189d322 elementor-section-boxed elementor-section-height-default elementor-section-height-default\" data-id=\"189d322\" data-element_type=\"section\" data-e-type=\"section\">\n\t\t\t\t\t\t<div class=\"elementor-container elementor-column-gap-default\">\n\t\t\t\t\t<div class=\"elementor-column elementor-col-100 elementor-top-column elementor-element elementor-element-757ba28\" data-id=\"757ba28\" data-element_type=\"column\" data-e-type=\"column\">\n\t\t\t<div class=\"elementor-widget-wrap elementor-element-populated\">\n\t\t\t\t\t\t<div class=\"elementor-element elementor-element-d282a97 elementor-widget elementor-widget-spacer\" data-id=\"d282a97\" data-element_type=\"widget\" data-e-type=\"widget\" data-widget_type=\"spacer.default\">\n\t\t\t\t<div class=\"elementor-widget-container\">\n\t\t\t\t\t\t\t<div class=\"elementor-spacer\">\n\t\t\t<div class=\"elementor-spacer-inner\"><\/div>\n\t\t<\/div>\n\t\t\t\t\t\t<\/div>\n\t\t\t\t<\/div>\n\t\t\t\t\t<\/div>\n\t\t<\/div>\n\t\t\t\t\t<\/div>\n\t\t<\/section>\n\t\t\t\t<section class=\"elementor-section elementor-top-section elementor-element elementor-element-5fc2fac elementor-section-boxed elementor-section-height-default elementor-section-height-default\" data-id=\"5fc2fac\" data-element_type=\"section\" data-e-type=\"section\">\n\t\t\t\t\t\t<div class=\"elementor-container elementor-column-gap-default\">\n\t\t\t\t\t<div class=\"elementor-column elementor-col-100 elementor-top-column elementor-element elementor-element-efee924\" data-id=\"efee924\" data-element_type=\"column\" data-e-type=\"column\">\n\t\t\t<div class=\"elementor-widget-wrap elementor-element-populated\">\n\t\t\t\t\t\t<div class=\"elementor-element elementor-element-18bf7f5 elementor-widget elementor-widget-heading\" data-id=\"18bf7f5\" data-element_type=\"widget\" data-e-type=\"widget\" data-widget_type=\"heading.default\">\n\t\t\t\t<div class=\"elementor-widget-container\">\n\t\t\t\t\t<h2 class=\"elementor-heading-title elementor-size-default\">PRIVACY POLICY<\/h2>\t\t\t\t<\/div>\n\t\t\t\t<\/div>\n\t\t\t\t\t<\/div>\n\t\t<\/div>\n\t\t\t\t\t<\/div>\n\t\t<\/section>\n\t\t\t\t<section class=\"elementor-section elementor-top-section elementor-element elementor-element-e439e85 elementor-section-boxed elementor-section-height-default elementor-section-height-default\" data-id=\"e439e85\" data-element_type=\"section\" data-e-type=\"section\">\n\t\t\t\t\t\t<div class=\"elementor-container elementor-column-gap-default\">\n\t\t\t\t\t<div class=\"elementor-column elementor-col-100 elementor-top-column elementor-element elementor-element-ac3fda0\" data-id=\"ac3fda0\" data-element_type=\"column\" data-e-type=\"column\">\n\t\t\t<div class=\"elementor-widget-wrap elementor-element-populated\">\n\t\t\t\t\t\t<div class=\"elementor-element elementor-element-9f6509a elementor-widget elementor-widget-spacer\" data-id=\"9f6509a\" data-element_type=\"widget\" data-e-type=\"widget\" data-widget_type=\"spacer.default\">\n\t\t\t\t<div class=\"elementor-widget-container\">\n\t\t\t\t\t\t\t<div class=\"elementor-spacer\">\n\t\t\t<div class=\"elementor-spacer-inner\"><\/div>\n\t\t<\/div>\n\t\t\t\t\t\t<\/div>\n\t\t\t\t<\/div>\n\t\t\t\t\t<\/div>\n\t\t<\/div>\n\t\t\t\t\t<\/div>\n\t\t<\/section>\n\t\t\t\t<section class=\"elementor-section elementor-top-section elementor-element elementor-element-64fcca3 elementor-section-boxed elementor-section-height-default elementor-section-height-default\" data-id=\"64fcca3\" data-element_type=\"section\" data-e-type=\"section\">\n\t\t\t\t\t\t<div class=\"elementor-container elementor-column-gap-default\">\n\t\t\t\t\t<div class=\"elementor-column elementor-col-100 elementor-top-column elementor-element elementor-element-6526924\" data-id=\"6526924\" data-element_type=\"column\" data-e-type=\"column\">\n\t\t\t<div class=\"elementor-widget-wrap elementor-element-populated\">\n\t\t\t\t\t\t<div class=\"elementor-element elementor-element-6341ccc elementor-widget elementor-widget-text-editor\" data-id=\"6341ccc\" data-element_type=\"widget\" data-e-type=\"widget\" data-widget_type=\"text-editor.default\">\n\t\t\t\t<div class=\"elementor-widget-container\">\n\t\t\t\t\t\t\t\t\t<p><b>Tecnoplus srl <\/b><\/p><p>Via Cilavegna, 53<\/p><p>27020 Gravellona Lomellina (PV)<\/p><p><strong>Avis sur le traitement des donn\u00e9es personnelles des utilisateurs du site Web <\/strong><\/p><p>Artt. 13 et 14 du r\u00e8glement (UE) 2016\/679\/UE (ci-apr\u00e8s \u00e9galement le \u00abRGPD\u00bb)<\/p><p><b>Pourquoi cet avertissement <\/b><\/p><p>Tecnoplus srl (ci-apr\u00e8s aussi \u00ab Soci\u00e9t\u00e9 \u00ab ou \u00ab Titulaire \u00ab) s\u2019engage \u00e0 respecter et \u00e0 prot\u00e9ger votre vie priv\u00e9e et souhaite que vous vous sentiez en s\u00e9curit\u00e9 soit lors de la simple navigation sur le site, soit dans le cas o\u00f9 vous d\u00e9cidiez de vous inscrire en nous fournissant vos donn\u00e9es personnelles pour b\u00e9n\u00e9ficier des services mis \u00e0 disposition de ses Visiteurs et\/ou Clients. Sur cette page, la Soci\u00e9t\u00e9 souhaite fournir certaines informations sur le traitement des donn\u00e9es personnelles concernant les utilisateurs qui visitent ou consultent notre site Web. L\u2019information est fournie uniquement pour le site web de Tecnoplus srl et PAS \u00e9galement pour d\u2019autres sites web \u00e9ventuellement consult\u00e9s par l\u2019utilisateur par le biais de liens (pour lesquels il est renvoy\u00e9 aux politiques respectives en mati\u00e8re de confidentialit\u00e9). La reproduction ou l\u2019utilisation des pages, mat\u00e9riels et informations contenus dans le Site, par quelque moyen et sur quelque support que ce soit, est interdite sans l\u2019autorisation \u00e9crite pr\u00e9alable de Tecnoplus srl; la copie et\/ou l\u2019impression sont autoris\u00e9es pour un usage exclusivement personnel et non commercial (pour toute demande ou clarification, veuillez contacter notre personnel aux coordonn\u00e9es ci-dessous). Toute autre utilisation du contenu, des services et des informations pr\u00e9sents sur ce site est interdite.<\/p><p>En ce qui concerne les contenus offerts et les informations fournies, la Soci\u00e9t\u00e9 veillera \u00e0 maintenir les contenus du Site raisonnablement \u00e0 jour et r\u00e9vis\u00e9s, sans offrir aucune garantie sur l\u2019ad\u00e9quation, l\u2019exactitude ou l\u2019exhaustivit\u00e9 des informations fournies et d\u00e9cline explicitement toute responsabilit\u00e9 pour d\u2019\u00e9ventuelles erreurs d\u2019omission dans les informations fournies sur le Site.<\/p><p><b>Origine \u2013 Donn\u00e9es de navigation <\/b><\/p><p>L\u2019Entreprise informe que les donn\u00e9es personnelles que vous fournissez et saisissez dans le cadre de la demande d\u2019informations et\/ou contact, de l\u2019inscription sur le site et de l\u2019utilisation des services via smartphone ou tout autre moyen utilis\u00e9 pour acc\u00e9der \u00e0 Internet, ainsi que les donn\u00e9es n\u00e9cessaires \u00e0 la fourniture de ces services, y compris les donn\u00e9es de navigation et les donn\u00e9es utilis\u00e9es pour l\u2019achat \u00e9ventuel des produits et services offerts. Tecnoplus srl mais aussi les seules donn\u00e9es c. d. de \u00ab navigation \u00bb du site par les Utilisateurs, seront trait\u00e9s dans le respect de la l\u00e9gislation applicable. Les syst\u00e8mes informatiques et les proc\u00e9dures logicielles utilis\u00e9s pour le fonctionnement de ce site Web acqui\u00e8rent, au cours de leur fonctionnement normal, certaines donn\u00e9es personnelles dont la transmission est implicite dans l\u2019utilisation du r\u00e9seau Internet. Il s\u2019agit des informations qui ne sont pas collect\u00e9es pour \u00eatre associ\u00e9es \u00e0 des int\u00e9ress\u00e9s identifi\u00e9s, mais qui, de par leur nature m\u00eame, pourraient, \u00e0 travers le traitement et l\u2019association avec des donn\u00e9es d\u00e9tenues par des tiers, permettre d\u2019identifier les utilisateurs de navigation. Cette cat\u00e9gorie de donn\u00e9es comprend les \u00abadresses IP\u00bb ou les noms de domaine des ordinateurs utilis\u00e9s par les utilisateurs qui se connectent au site, les adresses en notation URI (Uniform Resource Identifier) des ressources demand\u00e9es, l\u2019heure de la demande, la m\u00e9thode utilis\u00e9e pour soumettre la demande au serveur web, la taille du fichier obtenu en r\u00e9ponse, le code num\u00e9rique indiquant l\u2019\u00e9tat de la r\u00e9ponse donn\u00e9e par le serveur web (bonne fin, erreur, etc. ) et des autres param\u00e8tres relatifs au syst\u00e8me d\u2019exploitation et \u00e0 l\u2019environnement informatique de l\u2019utilisateur. Ces donn\u00e9es sont utilis\u00e9es uniquement dans le but d\u2019obtenir des informations statistiques anonymes sur l\u2019utilisation du site et de contr\u00f4ler le bon fonctionnement de notre site Web. Il est \u00e0 noter que les donn\u00e9es ci-dessus pourraient \u00eatre utilis\u00e9es pour d\u00e9terminer la responsabilit\u00e9 en cas de d\u00e9lits informatiques contre le site de Tecnoplus srl.<\/p><p><b>Origine \u2013 Donn\u00e9es fournies par l\u2019utilisateur <\/b><\/p><p>Tecnoplus srl collecte, conserve et traite vos donn\u00e9es personnelles dans le but de fournir les produits et services offerts sur le Site, ou pour des obligations l\u00e9gales. En ce qui concerne certains Services, Produits, Promotions, etc. sp\u00e9cifiques. La Soci\u00e9t\u00e9 peut \u00e9galement traiter vos donn\u00e9es \u00e0 des fins commerciales. Dans de tels cas, un consentement sp\u00e9cifique, distinct, facultatif et toujours r\u00e9vocable sera demand\u00e9, selon les modalit\u00e9s et aux coordonn\u00e9es indiqu\u00e9es ci-dessous.<\/p><p>L\u2019envoi facultatif, explicite et volontaire de courrier \u00e9lectronique aux adresses indiqu\u00e9es dans la section sp\u00e9ciale du Site Web, ainsi que la compilation de questionnaires (ex. formulaire), la communication par chat, la notification push via APP, les r\u00e9seaux sociaux, les centres d\u2019appels, etc. , implique l\u2019acquisition ult\u00e9rieure de certaines de vos donn\u00e9es personnelles, y compris celles collect\u00e9es gr\u00e2ce \u00e0 l\u2019utilisation des Apps et des services associ\u00e9s, n\u00e9cessaires pour r\u00e9pondre aux demandes. Nous vous signalons \u00e9galement que lorsque vous utilisez la connexion mobile pour acc\u00e9der \u00e0 des contenus et services num\u00e9riques que nous proposons directement ou par nos Partenaires, vous devrez peut-\u00eatre transf\u00e9rer vos donn\u00e9es personnelles \u00e0 ces tiers. Le consentement libre et \u00e9clair\u00e9 obtenu est uniquement pour Tecnoplus srl; en cas de transfert de donn\u00e9es entre plusieurs titulaires, un consentement suppl\u00e9mentaire, libre et sp\u00e9cifique sera demand\u00e9 (comme indiqu\u00e9 dans la newsletter du 22. 6. 2021 n. 478 produite par le Garante Privacy \u00able consentement, initialement donn\u00e9 \u00e0 une Soci\u00e9t\u00e9 \u00e9galement pour des activit\u00e9s promotionnelles par l\u2019interm\u00e9diaire de tiers, ne peut pas \u00eatre \u00e9tendu \u00e0 des autres titulaires\u00bb).<\/p><p><b>Finalit\u00e9 du traitement et base juridique <\/b><\/p><p>Les donn\u00e9es sont trait\u00e9es pour les finalit\u00e9s suivantes:<\/p><p>1) \u00e9troitement li\u00e9es et n\u00e9cessaires \u00e0 l\u2019inscription au site www.sistemairgroup.it, aux services et\/ou aux applications que nous d\u00e9veloppons ou mettons \u00e0 disposition, \u00e0 l\u2019utilisation des services d\u2019information correspondants, \u00e0 la gestion des demandes de contact ou d\u2019information, pour effectuer des achats de produits et services offerts \u00e0 travers le site;<\/p><p>2) pour les activit\u00e9s li\u00e9es \u00e0 la gestion des demandes de l\u2019Utilisateur\/Client et \u00e0 l\u2019envoi de la r\u00e9ponse qui peut inclure la transmission de mat\u00e9riel promotionnel; pour le perfectionnement de la commande des produits et services propos\u00e9s, y compris les aspects li\u00e9s au paiement par carte de cr\u00e9dit, \u00e0 la gestion des envois, \u00e0 l\u2019exercice \u00e9ventuel du droit de recours pr\u00e9vu pour les achats \u00e0 distance, \u00e0 l\u2019actualisation de la disponibilit\u00e9 des produits et services temporairement indisponibles;<\/p><p>3) li\u00e9es \u00e0 l\u2019ex\u00e9cution des obligations pr\u00e9vues par la l\u00e9gislation communautaire et nationale, \u00e0 la protection de l\u2019ordre public, \u00e0 la d\u00e9tection et \u00e0 la r\u00e9pression des infractions;<\/p><p>4) le marketing direct, c\u2019est-\u00e0-dire l\u2019envoi de mat\u00e9riel publicitaire, la vente directe, la r\u00e9alisation d\u2019\u00e9tudes de march\u00e9 ou la communication commerciale de produits et\/ou services offerts par la Soci\u00e9t\u00e9; cette activit\u00e9 peut \u00eatre r\u00e9alis\u00e9e par l\u2019envoi de mat\u00e9riel publicitaire\/d\u2019information\/de promotion et\/ou d\u2019invitations \u00e0 participer \u00e0 des initiatives, manifestations et offres visant \u00e0 r\u00e9compenser les utilisateurs\/clients, selon des modalit\u00e9s \u00abtraditionnelles\u00bb (par exemple, le courrier papier et\/ou les appels des op\u00e9rateurs), ou par des syst\u00e8mes de contact \u00abautomatis\u00e9s\u00bb;<\/p><p>La fourniture des donn\u00e9es aux fins vis\u00e9es aux points 1), 2) et 3), li\u00e9e \u00e0 une phase pr\u00e9contractuelle et\/ou contractuelle ou fonctionnelle \u00e0 une demande de l\u2019utilisateur ou pr\u00e9vue par une disposition l\u00e9gislative sp\u00e9cifique, est obligatoire et, \u00e0 d\u00e9faut, il ne sera pas possible de recevoir les informations et d\u2019acc\u00e9der aux services \u00e9ventuellement demand\u00e9s; En ce qui concerne le point 4) de la pr\u00e9sente Politique, le consentement au traitement des donn\u00e9es de la part de l\u2019utilisateur\/client est libre et facultatif et toujours r\u00e9vocable sans cons\u00e9quence sur l\u2019utilisation des produits et services, sauf l\u2019impossibilit\u00e9 pour nous de vous tenir au courant des nouvelles initiatives ou des promotions ou avantages particuliers \u00e9ventuellement disponibles.<\/p><p>Tecnoplus srl pourra envoyer des communications commerciales relatives \u00e0 des produits et\/ou services similaires \u00e0 ceux d\u00e9j\u00e0 fournis, conform\u00e9ment \u00e0 la Directive 2002\/58\/UE, en utilisant les coordonn\u00e9es de courrier \u00e9lectronique, ou les coordonn\u00e9es papier, que vous aurez indiqu\u00e9es \u00e0 ces occasions, auxquelles vous pourrez vous opposer avec les modalit\u00e9s et les coordonn\u00e9es ci-dessous.<\/p><p><b>Mode, logique de traitement, dur\u00e9e de conservation et mesures de s\u00e9curit\u00e9 <\/b><\/p><p>Le traitement est \u00e9galement effectu\u00e9 \u00e0 l\u2019aide de moyens \u00e9lectroniques ou automatis\u00e9s et il est effectu\u00e9 par nous et\/ou par des tiers dont Tecnoplus srl peut se servir pour stocker, g\u00e9rer et transmettre les donn\u00e9es. Le traitement des donn\u00e9es sera effectu\u00e9 avec des logiques d\u2019organisation et de traitement de vos donn\u00e9es personnelles, y compris en ce qui concerne les journaux g\u00e9n\u00e9r\u00e9s par l\u2019acc\u00e8s et l\u2019utilisation des services rendus disponibles via le web, des produits et services utilis\u00e9s li\u00e9s aux finalit\u00e9s indiqu\u00e9es ci-dessus et, en tout cas, de mani\u00e8re \u00e0 garantir la s\u00e9curit\u00e9 et la confidentialit\u00e9 des donn\u00e9es. Les donn\u00e9es \u00e0 caract\u00e8re personnel trait\u00e9es seront conserv\u00e9es pendant la dur\u00e9e pr\u00e9vue par la l\u00e9gislation dans la p\u00e9riode applicable.<\/p><p>C\u2019est pr\u00e9cis\u00e9ment en ce qui concerne les aspects de la protection des donn\u00e9es personnelles que l\u2019utilisateur\/client est invit\u00e9, conform\u00e9ment \u00e0 l\u2019art. 33 du RGPD de signaler \u00e0 l\u2019Entreprise toute circonstance ou tout \u00e9v\u00e9nement susceptible de donner lieu \u00e0 une \u00ab violation de donn\u00e9es personnelles \u00bb afin de permettre une \u00e9valuation imm\u00e9diate et l\u2019adoption d\u2019\u00e9ventuelles mesures visant \u00e0 contrer un tel \u00e9v\u00e9nement en envoyant une communication \u00e0 l\u2019adresse indiqu\u00e9e ci-dessous. Les mesures prises n\u2019exemptent pas le Client de pr\u00eater l\u2019attention n\u00e9cessaire \u00e0 l\u2019utilisation, sur demande, de mots de passe\/PIN d\u2019une complexit\u00e9 appropri\u00e9e, qu\u2019il devra mettre \u00e0 jour p\u00e9riodiquement, en particulier dans le cas o\u00f9 le th\u00e8me a \u00e9t\u00e9 viol\u00e9\/connu par des tiers, ainsi que de les conserver soigneusement et de les rendre inaccessibles \u00e0 des tiers, afin d\u2019\u00e9viter toute utilisation abusive et non autoris\u00e9e.<\/p><p><b>Cookies <\/b><\/p><p>Un cookie est une courte cha\u00eene de texte envoy\u00e9e \u00e0 votre navigateur et \u00e9ventuellement enregistr\u00e9e sur votre ordinateur (ou sur votre smartphone\/tablette ou tout autre outil utilis\u00e9 pour acc\u00e9der \u00e0 Internet); Cet envoi se produit g\u00e9n\u00e9ralement chaque fois que vous visitez un site Web. La Soci\u00e9t\u00e9 utilise des cookies \u00e0 diff\u00e9rentes fins, afin de vous offrir une exp\u00e9rience num\u00e9rique rapide et s\u00e9curis\u00e9e, par exemple en vous permettant de rester connect\u00e9 \u00e0 la zone s\u00e9curis\u00e9e lorsque vous naviguez sur les pages du site.<\/p><p>Les cookies stock\u00e9s sur votre terminal ne peuvent pas \u00eatre utilis\u00e9s pour r\u00e9cup\u00e9rer des donn\u00e9es sur votre disque dur, transmettre des virus informatiques ou identifier et utiliser votre adresse \u00e9lectronique. Chaque cookie est unique au navigateur et \u00e0 l'appareil que vous utilisez pour acc\u00e9der au site web ou utiliser l'App. En g\u00e9n\u00e9ral, l'objectif des cookies est d'am\u00e9liorer le fonctionnement du site Web et l'exp\u00e9rience de l'utilisateur lors de l'utilisation du site Web, bien que les cookies puissent \u00eatre utilis\u00e9s pour envoyer des publicit\u00e9s (comme indiqu\u00e9 ci-dessous). Pour plus d'informations sur ce que sont les cookies et comment ils fonctionnent, vous pouvez consulter le site \"Tout sur les cookies\" http:\/\/www.allaboutcookies.org .<\/p><p><b>Domaines de communication et transfert de donn\u00e9es <\/b><\/p><p>Pour la poursuite des objectifs susmentionn\u00e9s, la Soci\u00e9t\u00e9 pourra communiquer et faire traiter les donn\u00e9es personnelles des utilisateurs\/clients \u00e0 des tiers avec lesquels nous avons des relations, lorsque ces tiers fournissent des services \u00e0 notre demande. Nous ne fournirons \u00e0 ces tiers que les informations n\u00e9cessaires \u00e0 l\u2019ex\u00e9cution des services demand\u00e9s en prenant toutes les mesures n\u00e9cessaires pour prot\u00e9ger vos donn\u00e9es personnelles. Les donn\u00e9es peuvent \u00eatre transf\u00e9r\u00e9es en dehors de l\u2019Espace Economique Europ\u00e9en si cela s\u2019av\u00e8re n\u00e9cessaire pour la gestion de votre relation contractuelle. Dans ce cas, les personnes destinataires des donn\u00e9es seront soumises \u00e0 des obligations de protection et de s\u00e9curit\u00e9 \u00e9quivalentes \u00e0 celles garanties par le responsable du traitement. En cas d\u2019utilisation de services offerts directement par les Partenaires, nous ne fournirons que les donn\u00e9es strictement n\u00e9cessaires \u00e0 leur r\u00e9alisation. Dans tous les cas, seules les donn\u00e9es n\u00e9cessaires \u00e0 la poursuite des objectifs envisag\u00e9s seront communiqu\u00e9es et les garanties applicables aux transferts de donn\u00e9es vers des pays tiers seront appliqu\u00e9es, le cas \u00e9ch\u00e9ant. Nous pouvons \u00e9galement divulguer des donn\u00e9es personnelles \u00e0 nos prestataires de services commerciaux, pour des raisons de marketing, qui sont d\u00e9sign\u00e9s comme contr\u00f4leurs de donn\u00e9es externes \u00e0 cette fin. En outre, les donn\u00e9es personnelles pourront \u00eatre communiqu\u00e9es aux entit\u00e9s publiques et autorit\u00e9s comp\u00e9tentes pour des besoins de respect d\u2019obligations r\u00e9glementaires ou pour \u00e9tablir la responsabilit\u00e9 en cas de d\u00e9lits informatiques contre le site, ainsi que communiqu\u00e9es \u00e0, ou attribu\u00e9es \u00e0, des tiers (en tant que responsables ou, s\u2019il s\u2019agit de fournisseurs de services de communications \u00e9lectroniques, de propri\u00e9taires ind\u00e9pendants), qui fournissent des services informatis\u00e9s et t\u00e9l\u00e9matiques (ex. : services d\u2019h\u00e9bergement, de gestion et de d\u00e9veloppement de sites Web) et dont la Soci\u00e9t\u00e9 se sert pour l\u2019ex\u00e9cution de t\u00e2ches et des activit\u00e9s de nature aussi technique et organisationnelle instrumentales au fonctionnement du site Web. Les personnes appartenant aux cat\u00e9gories ci-dessus agissent en tant que Responsables du traitement distincts ou en tant que Responsables nomm\u00e9s \u00e0 cet effet par la Soci\u00e9t\u00e9.<\/p><p>Les donn\u00e9es personnelles pourront, en outre, \u00eatre connues par les employ\u00e9s\/conseillers de Tecnoplus srl qui sont sp\u00e9cialement form\u00e9s et nomm\u00e9s responsables du traitement.<\/p><p>Les cat\u00e9gories de destinataires auxquels les donn\u00e9es peuvent \u00eatre communiqu\u00e9es sont disponibles aux adresses indiqu\u00e9es ci-dessous.<\/p><p><b>Droits des personnes concern\u00e9es <\/b><\/p><p>Vous pouvez exercer \u00e0 tout moment les droits qui vous sont reconnus par la loi, y compris:<\/p><p>a) d\u2019acc\u00e9der \u00e0 vos donn\u00e9es personnelles, en obtenant la preuve des finalit\u00e9s poursuivies par le Titulaire, des cat\u00e9gories de donn\u00e9es concern\u00e9es, des destinataires auxquels elles peuvent \u00eatre communiqu\u00e9es, de la dur\u00e9e de conservation applicable, de l\u2019existence de processus d\u00e9cisionnels automatis\u00e9s;<\/p><p>b) d\u2019obtenir sans d\u00e9lai la rectification des donn\u00e9es personnelles inexactes vous concernant;<\/p><p>c) d\u2019obtenir, dans les cas pr\u00e9vus, l\u2019effacement de vos donn\u00e9es;<\/p><p>d) d\u2019obtenir la limitation du traitement ou de s\u2019y opposer, dans la mesure du possible;<\/p><p>e) de demander la portabilit\u00e9 des donn\u00e9es que vous avez fournies, c\u2019est-\u00e0-dire de les recevoir dans un format structur\u00e9, couramment utilis\u00e9 et lisible par un appareil automatique, \u00e9galement pour transmettre ces donn\u00e9es \u00e0 un autre titulaire, dans les limites et avec les contraintes pr\u00e9vues \u00e0 l\u2019art. 20 du RGPD;<\/p><p>En outre, vous pouvez introduire une r\u00e9clamation aupr\u00e8s de l\u2019Autorit\u00e9 Garante pour la Protection des Donn\u00e9es Personnelles conform\u00e9ment \u00e0 l\u2019art. 77 du RGPD.<\/p><p>Pour les traitements vis\u00e9s au point 4) des finalit\u00e9s, le Client pourra toujours r\u00e9voquer son consentement et exercer son droit d\u2019opposition au marketing direct (sous forme \u00abtraditionnelle\u00bb et \u00abautomatis\u00e9e\u00bb). En l\u2019absence d\u2019indication contraire, l\u2019opposition portera \u00e0 la fois sur les communications traditionnelles et sur les communications automatis\u00e9es. Tecnoplus srl Via Cilavegna, 53 27020 Gravellona Lomellina (PV)<\/p><p><b>Titulaire du Traitement <\/b><\/p><p>Titulaire du traitement, au sens de l\u2019art. 4 du Code et du RGPD, est Tecnoplus srl.<\/p><p>Les droits indiqu\u00e9s ci-dessus peuvent \u00eatre exerc\u00e9s \u00e0 la demande de la personne concern\u00e9e selon les modalit\u00e9s indiqu\u00e9es par le Service Clients ou sur le site Web de la Soci\u00e9t\u00e9 ou en utilisant les r\u00e9f\u00e9rences suivantes: t.arlenghi@sistemairgroup.it.<\/p><p>L\u2019utilisation du Site Web, y compris celui destin\u00e9 aux tablettes et\/ou smartphones, par le Client et\/ou l\u2019Utilisateur implique la pleine connaissance et l\u2019acceptation du contenu et des \u00e9ventuelles indications incluses dans cette version de la notice publi\u00e9e par Tecnoplus srl au moment de l\u2019acc\u00e8s au Site. La Soci\u00e9t\u00e9 vous informe que cette politique peut \u00eatre modifi\u00e9e sans pr\u00e9avis et vous recommande de la lire r\u00e9guli\u00e8rement.<\/p><p>Le Responsable du traitement<\/p><p><strong>Tecnoplus srl <\/strong><\/p><p>Cette politique de confidentialit\u00e9 a \u00e9t\u00e9 mise \u00e0 jour le 22.06.21<\/p>\t\t\t\t\t\t\t\t<\/div>\n\t\t\t\t<\/div>\n\t\t\t\t\t<\/div>\n\t\t<\/div>\n\t\t\t\t\t<\/div>\n\t\t<\/section>\n\t\t\t\t<\/div>","protected":false},"excerpt":{"rendered":"<p>PRIVACY POLICY Tecnoplus srl Via Cilavegna, 53 27020 Gravellona Lomellina (PV) Informativa sul trattamento dei dati personali degli utenti del sito web Artt. 13 e 14 del Regolamento 2016\/679\/UE (nel seguito anche \u201cGDPR\u201d) Perch\u00e9 questo avviso Tecnoplus srl (nel seguito anche \u201cAzienda\u201d o \u201cTitolare\u201d) \u00e8 impegnata nel rispetto e nella protezione della tua privacy e&hellip;&nbsp;<a href=\"https:\/\/advanceeasymoving.it\/fr\/politique-de-confidentialite\/\" rel=\"bookmark\">Lire la suite &raquo;<span class=\"screen-reader-text\">Privacy<\/span><\/a><\/p>","protected":false},"author":1,"featured_media":0,"parent":0,"menu_order":0,"comment_status":"closed","ping_status":"closed","template":"page-templates\/template-pagebuilder-full-width.php","meta":{"neve_meta_sidebar":"","neve_meta_container":"","neve_meta_enable_content_width":"","neve_meta_content_width":70,"neve_meta_title_alignment":"","neve_meta_author_avatar":"","neve_post_elements_order":"","neve_meta_disable_header":"","neve_meta_disable_footer":"","neve_meta_disable_title":"","_themeisle_gutenberg_block_has_review":false,"_joinchat":[],"footnotes":""},"class_list":["post-2807","page","type-page","status-publish","hentry"],"_links":{"self":[{"href":"https:\/\/advanceeasymoving.it\/fr\/wp-json\/wp\/v2\/pages\/2807","targetHints":{"allow":["GET"]}}],"collection":[{"href":"https:\/\/advanceeasymoving.it\/fr\/wp-json\/wp\/v2\/pages"}],"about":[{"href":"https:\/\/advanceeasymoving.it\/fr\/wp-json\/wp\/v2\/types\/page"}],"author":[{"embeddable":true,"href":"https:\/\/advanceeasymoving.it\/fr\/wp-json\/wp\/v2\/users\/1"}],"replies":[{"embeddable":true,"href":"https:\/\/advanceeasymoving.it\/fr\/wp-json\/wp\/v2\/comments?post=2807"}],"version-history":[{"count":3,"href":"https:\/\/advanceeasymoving.it\/fr\/wp-json\/wp\/v2\/pages\/2807\/revisions"}],"predecessor-version":[{"id":92327,"href":"https:\/\/advanceeasymoving.it\/fr\/wp-json\/wp\/v2\/pages\/2807\/revisions\/92327"}],"wp:attachment":[{"href":"https:\/\/advanceeasymoving.it\/fr\/wp-json\/wp\/v2\/media?parent=2807"}],"curies":[{"name":"wp","href":"https:\/\/api.w.org\/{rel}","templated":true}]}}