{"id":2807,"date":"2018-12-21T14:21:38","date_gmt":"2018-12-21T14:21:38","guid":{"rendered":"http:\/\/3.121.233.124\/?page_id=2807"},"modified":"2022-07-28T10:23:39","modified_gmt":"2022-07-28T10:23:39","slug":"privacy-policy","status":"publish","type":"page","link":"https:\/\/advanceeasymoving.it\/de\/privacy-policy\/","title":{"rendered":"Privacy"},"content":{"rendered":"<div data-elementor-type=\"wp-post\" data-elementor-id=\"2807\" class=\"elementor elementor-2807\" data-elementor-post-type=\"page\">\n\t\t\t\t\t\t<section class=\"elementor-section elementor-top-section elementor-element elementor-element-189d322 elementor-section-boxed elementor-section-height-default elementor-section-height-default\" data-id=\"189d322\" data-element_type=\"section\" data-e-type=\"section\">\n\t\t\t\t\t\t<div class=\"elementor-container elementor-column-gap-default\">\n\t\t\t\t\t<div class=\"elementor-column elementor-col-100 elementor-top-column elementor-element elementor-element-757ba28\" data-id=\"757ba28\" data-element_type=\"column\" data-e-type=\"column\">\n\t\t\t<div class=\"elementor-widget-wrap elementor-element-populated\">\n\t\t\t\t\t\t<div class=\"elementor-element elementor-element-d282a97 elementor-widget elementor-widget-spacer\" data-id=\"d282a97\" data-element_type=\"widget\" data-e-type=\"widget\" data-widget_type=\"spacer.default\">\n\t\t\t\t<div class=\"elementor-widget-container\">\n\t\t\t\t\t\t\t<div class=\"elementor-spacer\">\n\t\t\t<div class=\"elementor-spacer-inner\"><\/div>\n\t\t<\/div>\n\t\t\t\t\t\t<\/div>\n\t\t\t\t<\/div>\n\t\t\t\t\t<\/div>\n\t\t<\/div>\n\t\t\t\t\t<\/div>\n\t\t<\/section>\n\t\t\t\t<section class=\"elementor-section elementor-top-section elementor-element elementor-element-5fc2fac elementor-section-boxed elementor-section-height-default elementor-section-height-default\" data-id=\"5fc2fac\" data-element_type=\"section\" data-e-type=\"section\">\n\t\t\t\t\t\t<div class=\"elementor-container elementor-column-gap-default\">\n\t\t\t\t\t<div class=\"elementor-column elementor-col-100 elementor-top-column elementor-element elementor-element-efee924\" data-id=\"efee924\" data-element_type=\"column\" data-e-type=\"column\">\n\t\t\t<div class=\"elementor-widget-wrap elementor-element-populated\">\n\t\t\t\t\t\t<div class=\"elementor-element elementor-element-18bf7f5 elementor-widget elementor-widget-heading\" data-id=\"18bf7f5\" data-element_type=\"widget\" data-e-type=\"widget\" data-widget_type=\"heading.default\">\n\t\t\t\t<div class=\"elementor-widget-container\">\n\t\t\t\t\t<h2 class=\"elementor-heading-title elementor-size-default\">PRIVACY POLICY<\/h2>\t\t\t\t<\/div>\n\t\t\t\t<\/div>\n\t\t\t\t\t<\/div>\n\t\t<\/div>\n\t\t\t\t\t<\/div>\n\t\t<\/section>\n\t\t\t\t<section class=\"elementor-section elementor-top-section elementor-element elementor-element-e439e85 elementor-section-boxed elementor-section-height-default elementor-section-height-default\" data-id=\"e439e85\" data-element_type=\"section\" data-e-type=\"section\">\n\t\t\t\t\t\t<div class=\"elementor-container elementor-column-gap-default\">\n\t\t\t\t\t<div class=\"elementor-column elementor-col-100 elementor-top-column elementor-element elementor-element-ac3fda0\" data-id=\"ac3fda0\" data-element_type=\"column\" data-e-type=\"column\">\n\t\t\t<div class=\"elementor-widget-wrap elementor-element-populated\">\n\t\t\t\t\t\t<div class=\"elementor-element elementor-element-9f6509a elementor-widget elementor-widget-spacer\" data-id=\"9f6509a\" data-element_type=\"widget\" data-e-type=\"widget\" data-widget_type=\"spacer.default\">\n\t\t\t\t<div class=\"elementor-widget-container\">\n\t\t\t\t\t\t\t<div class=\"elementor-spacer\">\n\t\t\t<div class=\"elementor-spacer-inner\"><\/div>\n\t\t<\/div>\n\t\t\t\t\t\t<\/div>\n\t\t\t\t<\/div>\n\t\t\t\t\t<\/div>\n\t\t<\/div>\n\t\t\t\t\t<\/div>\n\t\t<\/section>\n\t\t\t\t<section class=\"elementor-section elementor-top-section elementor-element elementor-element-64fcca3 elementor-section-boxed elementor-section-height-default elementor-section-height-default\" data-id=\"64fcca3\" data-element_type=\"section\" data-e-type=\"section\">\n\t\t\t\t\t\t<div class=\"elementor-container elementor-column-gap-default\">\n\t\t\t\t\t<div class=\"elementor-column elementor-col-100 elementor-top-column elementor-element elementor-element-6526924\" data-id=\"6526924\" data-element_type=\"column\" data-e-type=\"column\">\n\t\t\t<div class=\"elementor-widget-wrap elementor-element-populated\">\n\t\t\t\t\t\t<div class=\"elementor-element elementor-element-6341ccc elementor-widget elementor-widget-text-editor\" data-id=\"6341ccc\" data-element_type=\"widget\" data-e-type=\"widget\" data-widget_type=\"text-editor.default\">\n\t\t\t\t<div class=\"elementor-widget-container\">\n\t\t\t\t\t\t\t\t\t<p><b>Tecnoplus srl <\/b><\/p><p>Via Cilavegna, 53<\/p><p>27020 Gravellona Lomellina (PV)<\/p><p><strong>Informationen \u00fcber die Verarbeitung pers\u00f6nlicher Daten von Website-Benutzern <\/strong><\/p><p>Artikel 13 und 14 der Verordnung 2016\/679\/EU (im Folgenden auch \"GDPR\")<\/p><p><b>Warum dieser Hinweis <\/b><\/p><p>Tecnoplus srl (im Folgenden auch \"Unternehmen\" oder \"Eigent\u00fcmer\" genannt) verpflichtet sich, Ihre Privatsph\u00e4re zu respektieren und zu sch\u00fctzen und m\u00f6chte, dass Sie sich sicher f\u00fchlen, sowohl w\u00e4hrend der einfachen Navigation auf der Website als auch, wenn Sie sich entscheiden, sich zu registrieren, indem Sie uns Ihre pers\u00f6nlichen Daten zur Nutzung der den Benutzern und\/oder Kunden zur Verf\u00fcgung gestellten Dienstleistungen zur Verf\u00fcgung stellen. Auf dieser Seite beabsichtigt das Unternehmen, einige Informationen \u00fcber die Verarbeitung personenbezogener Daten von Benutzern zur Verf\u00fcgung zu stellen, die unsere Website besuchen oder konsultieren. Die Informationen werden nur f\u00fcr die Website von Tecnoplus srl zur Verf\u00fcgung gestellt und nicht f\u00fcr andere Websites, die vom Benutzer \u00fcber Links konsultiert werden k\u00f6nnen (f\u00fcr die auf die jeweilige Datenschutzerkl\u00e4rung verwiesen wird). Die Reproduktion oder Verwendung der Seiten, Materialien und Informationen der Website, mit welchen Mitteln und auf welchen Tr\u00e4gern auch immer, ist ohne vorherige schriftliche Zustimmung von Tecnoplus srl nicht gestattet; das Kopieren und\/oder Drucken f\u00fcr ausschlie\u00dflich pers\u00f6nliche und nicht kommerzielle Zwecke ist erlaubt (f\u00fcr Anfragen und Klarstellungen wenden Sie sich bitte an unsere Mitarbeiter unter den unten angegebenen Adressen). Andere Verwendungen der Inhalte, Dienste und Informationen auf dieser Website sind nicht gestattet.<\/p><p>In Bezug auf die angebotenen Inhalte und die zur Verf\u00fcgung gestellten Informationen wird das Unternehmen sicherstellen, dass die Inhalte der Website angemessen aktualisiert und \u00fcberarbeitet werden, ohne eine Garantie f\u00fcr die Eignung, Genauigkeit oder Vollst\u00e4ndigkeit der \u00fcbermittelten Informationen zu geben, wobei jede Haftung f\u00fcr Fehler bei der Bereitstellung der Informationen auf der Website ausdr\u00fccklich aufgehoben wird.<\/p><p><b>Herkunft - Navigationsdaten <\/b><\/p><p>Das Unternehmen informiert, dass die von Ihnen gelieferten und erworbenen pers\u00f6nlichen Daten, die Sie mit der Anfrage nach Informationen und\/oder Kontaktaufnahme, der Registrierung auf der Website und der Nutzung der Dienstleistungen \u00fcber Smartphone oder jedes andere Instrument f\u00fcr den Zugang zum Internet erhalten haben, sowie die f\u00fcr die Erbringung dieser Dienstleistungen erforderlichen Daten, einschlie\u00dflich der Navigationsdaten und der Daten, die f\u00fcr den eventuellen Kauf der von Tecnoplus srl angebotenen Produkte und Dienstleistungen verwendet werden, aber auch die so genannten \"Navigations\"-Daten der Website durch die Benutzer, gem\u00e4\u00df der geltenden Gesetzgebung behandelt werden. Die f\u00fcr den Betrieb dieser Website verwendeten Computersysteme und Softwareverfahren erfassen w\u00e4hrend ihres normalen Betriebs einige personenbezogene Daten, deren \u00dcbermittlung bei der Nutzung des Internets implizit erfolgt. Diese Informationen werden nicht gesammelt, um mit identifizierten Interessenten in Verbindung gebracht zu werden, sondern k\u00f6nnten aufgrund ihrer Beschaffenheit durch Verarbeitung und Verbindung mit Daten im Besitz von Dritten die Identifizierung der navigierenden Benutzer erm\u00f6glichen. Zu dieser Datenkategorie geh\u00f6ren die \"IP-Adressen\" oder Domain-Namen der Computer, die von den Benutzern verwendet werden, die sich mit der Website verbinden, die URI-Adressen (Uniform Resource Identifier) der angeforderten Ressourcen, die Uhrzeit der Anforderung, die zur \u00dcbermittlung der Anforderung an den Webserver verwendete Methode, die Gr\u00f6\u00dfe der als Antwort erhaltenen Datei, der numerische Code, der den Status der vom Webserver gegebenen Antwort angibt (erfolgreich, Fehler, usw...) und andere Parameter, die sich auf das Betriebssystem und die Computerumgebung des Benutzers beziehen. Diese Daten werden ausschlie\u00dflich zu dem Zweck verwendet, anonyme statistische Informationen \u00fcber die Nutzung der Website zu erhalten und das korrekte Funktionieren unserer Website zu \u00fcberpr\u00fcfen. Es wird darauf hingewiesen, dass die oben genannten Daten zur Feststellung der Verantwortlichkeit im Falle von Computerverbrechen gegen die Website von Tecnoplus srl oder andere Websites, die mit ihr verbunden oder verlinkt sind, verwendet werden k\u00f6nnten, abgesehen von dieser M\u00f6glichkeit werden die Daten \u00fcber Webkontakte derzeit nicht l\u00e4nger als einige Tage gespeichert.<\/p><p><b>Herkunft - Vom Benutzer bereitgestellte Daten <\/b><\/p><p>Tecnoplus srl sammelt, speichert und verarbeitet Ihre pers\u00f6nlichen Daten, um die auf der Website angebotenen Produkte und Dienstleistungen bereitzustellen, oder f\u00fcr gesetzliche Verpflichtungen. In Bezug auf einige spezifische Dienstleistungen, Produkte, Werbeaktionen usw. kann das Unternehmen Ihre Daten auch f\u00fcr kommerzielle Zwecke verarbeiten. In solchen F\u00e4llen werden Sie um eine spezifische, separate, fakultative und jederzeit widerrufbare Einwilligung in der unten angegebenen Art und Weise und unter den unten angegebenen Kontaktdaten gebeten.<\/p><p>Die fakultative, ausdr\u00fcckliche und freiwillige Zusendung von E-Mails an die im spezifischen Abschnitt der Website angegebenen Adressen sowie das Ausf\u00fcllen von Frageb\u00f6gen (z.B. Formulare), die Kommunikation \u00fcber Chat, Push-Benachrichtigung \u00fcber APP, soziales Netzwerk, Call Center usw. beinhaltet die anschlie\u00dfende Erfassung einiger Ihrer pers\u00f6nlichen Daten, einschlie\u00dflich derer, die durch die Nutzung von Apps und verwandten Diensten erfasst werden, die zur Beantwortung von Anfragen notwendig sind. Die Zustimmung Tecnoplus srl Via Cilavegna, 53 27020 Gravellona Lomellina (PV) frei und in Kenntnis der Sachlage erworben ist nur f\u00fcr Tecnoplus srl; im Falle der \u00dcbertragung von Daten zwischen mehreren Eigent\u00fcmern wird eine weitere, freie und spezifische Zustimmung erforderlich (wie in der Newsletter vom 22\/6\/2021 n. 478 von der Datenschutz-Garantie \"die Zustimmung, die zun\u00e4chst auf ein Unternehmen auch f\u00fcr Werbeaktivit\u00e4ten durch Dritte erteilt, kann nicht ihre Wirksamkeit auf andere Eigent\u00fcmer zu erweitern\")<\/p><p><b>Zweck der Verarbeitung und rechtliche Grundlage <\/b><\/p><p>Die Daten werden zweckentsprechend verarbeitet:<\/p><p>1) strikt verbunden und notwendig mit der Registrierung auf der Website https:\/\/cleanoop.com, mit den von uns entwickelten oder zur Verf\u00fcgung gestellten Dienstleistungen und\/oder Apps, mit der Nutzung der entsprechenden Informationsdienste, mit der Verwaltung von Kontakt- oder Informationsanfragen, mit dem Kauf von Produkten und Dienstleistungen, die \u00fcber die Website angeboten werden;<\/p><p>2) f\u00fcr Aktivit\u00e4ten im Zusammenhang mit der Verwaltung von Benutzer-\/Kundenanfragen und der Zusendung von R\u00fcckmeldungen, die die \u00dcbermittlung von Werbematerial einschlie\u00dfen k\u00f6nnen; f\u00fcr den Abschluss der Bestellung der angebotenen Produkte und Dienstleistungen, einschlie\u00dflich der Aspekte im Zusammenhang mit der Zahlung per Kreditkarte, der Verwaltung der Sendungen, der m\u00f6glichen Aus\u00fcbung des f\u00fcr Fernk\u00e4ufe vorgesehenen \u00dcberpr\u00fcfungsrechts, der Aktualisierung der Verf\u00fcgbarkeit von Produkten und Dienstleistungen, die vor\u00fcbergehend nicht verf\u00fcgbar sind;<\/p><p>3) im Zusammenhang mit der Erf\u00fcllung der in den gemeinschaftlichen und nationalen Vorschriften vorgesehenen Verpflichtungen, dem Schutz der \u00f6ffentlichen Ordnung, der Aufdeckung und Verfolgung von Straftaten;<\/p><p>4) Direktmarketing, d.h. Zusendung von Werbematerial, Direktverkauf, Durchf\u00fchrung von Marktforschung oder kommerzielle Kommunikation von Produkten und\/oder Dienstleistungen, die von der Gesellschaft angeboten werden. Diese T\u00e4tigkeit kann durch die Versendung von Werbe-\/Informations-\/Promotionsmaterial und\/oder Einladungen zur Teilnahme an Initiativen, Veranstaltungen und Premienen f\u00fcr die Benutzer\/Kunden erfolgen, die mit \"traditionellen\" Methoden (z.B. Briefpost und\/oder Anrufe von Vermittlern) oder mittels \"automatisierter\" Kontaktsysteme;<\/p><p>Die Bereitstellung von Daten f\u00fcr die unter den Punkten 1), 2) und 3) die mit einer vorvertraglichen und\/oder vertraglichen Phase verbunden oder funktional mit der Anfrage eines Benutzers verbunden oder durch eine spezifische Rechtsvorschrift vorgesehen ist, ist obligatorisch und andernfalls ist es nicht m\u00f6glich, die Informationen zu erhalten und Zugang zu den angeforderten Dienstleistungen zu erhalten; in Bezug auf Punkt 4) die Zustimmung zur Verarbeitung der Daten zu diesem Informationshinweis ist f\u00fcr den Benutzer\/Kunden kostenlos und fakultativ und jederzeit widerrufbar, ohne Folgen f\u00fcr die Nutzbarkeit der Produkte und Dienstleistungen, es sei denn, es ist uns nicht m\u00f6glich, Sie \u00fcber neue Initiativen oder bestimmte Werbeaktionen oder Vorteile auf dem Laufenden zu halten, die m\u00f6glicherweise verf\u00fcgbar sind.<\/p><p>Tecnoplus srl kann gem\u00e4\u00df der Richtlinie 2002\/58\/EU kommerzielle Mitteilungen \u00fcber Produkte und\/oder Dienstleistungen, die den Produkten \u00e4hnlich sind, die bereits geliefert wurden. Dies wird unter Verwendung der von Ihnen angegebenen E-Mail-Adresse oder die durch Briefpost empfangene Adresse gemacht, wobei Sie mit den unten angegebenen Methoden und Kontaktdaten Einspruch erheben k\u00f6nnen.<\/p><p><b>Methoden, Verarbeitungslogik, Speicherzeiten und Sicherheitsma\u00dfnahmen <\/b><\/p><p>Die Verarbeitung erfolgt ebenfalls mit Hilfe elektronischer oder automatisierter Mittel und wird von uns und\/oder Dritten durchgef\u00fchrt, die Tecnoplus srl zur Speicherung, Verwaltung und \u00dcbermittlung der Daten nutzen kann. Die Datenverarbeitung wird mit einer Logik der Organisation und der Verarbeitung Ihrer pers\u00f6nlichen Daten durchgef\u00fchrt, auch in Bezug auf die Protokolle, die aus dem Zugang und der Nutzung der \u00fcber das Web zur Verf\u00fcgung gestellten Dienste entstanden sind, sowie in Bezug auf die Produkte und Dienstleistungen, die zu den oben genannten Zwecken verwendet werden, und in jedem Fall, um die Sicherheit und Vertraulichkeit der Daten zu gew\u00e4hrleisten. Die verarbeiteten pers\u00f6nlichen Daten werden f\u00fcr die in den Vorschriften vorgesehenen Zeiten im geltenden Zeitrahmen aufbewahrt.<\/p><p>In Bezug auf den Schutz personenbezogener Daten wird der Benutzer\/Kunde gem\u00e4\u00df Art. 33 GDPR aufgefordert, dem Unternehmen alle Umst\u00e4nde oder Ereignisse zu melden, aus denen sich eine potenzielle \"Datenverletzung\" ergeben k\u00f6nnte, um eine sofortige Beurteilung und die Ergreifung von Ma\u00dfnahmen zur Bek\u00e4mpfung eines solchen Ereignisses zu erm\u00f6glichen, indem er eine Mitteilung an die unten stehende Adresse sendet. Die getroffenen Massnahmen entbinden den Kunden nicht davon, der Verwendung von komplexen Passw\u00f6rtern\/PINs, die periodisch aktualisiert werden m\u00fcssen, insbesondere wenn sie von Dritten verletzt wurden\/bekannt sind, sowie sorgf\u00e4ltig zu behandeln und f\u00fcr Dritte unzug\u00e4nglich zu halten, um eine missbr\u00e4uchliche und unbefugte Verwendung zu vermeiden.<\/p><p><b>Cookies <\/b><\/p><p>Ein Cookie ist eine kurze Textzeichenfolge, die an Ihren Browser gesendet und gegebenenfalls auf Ihrem Computer gespeichert wird (alternativ auf Ihrem Smartphone\/Tablet oder einem anderen Ger\u00e4t, das f\u00fcr den Zugang zum Internet verwendet wird); dies geschieht im Allgemeinen bei jedem Besuch einer Website. Das Unternehmen verwendet Cookies f\u00fcr verschiedene Zwecke, um Ihnen ein schnelles und sicheres digitales Erlebnis zu bieten, z.B. indem es Ihnen erm\u00f6glicht, Ihre Verbindung zum gesch\u00fctzten Bereich aktiv zu halten, w\u00e4hrend Sie durch die Seiten der Website browsen.<\/p><p>Auf Ihrem Terminal gespeicherte Cookies k\u00f6nnen nicht dazu verwendet werden, Daten von Ihrer Festplatte abzurufen, Computerviren zu \u00fcbertragen oder Ihre E-Mail-Adresse zu identifizieren und zu verwenden. Jedes Cookie ist einzigartig in Bezug auf den Browser und das Ger\u00e4t, das Sie f\u00fcr den Zugriff auf die Website oder die Nutzung der App verwenden. Im Allgemeinen besteht der Zweck von Cookies darin, den Betrieb der Website und Ihre Erfahrungen bei der Nutzung der Website zu verbessern, auch wenn Cookies zum Senden von Werbenachrichten (wie unten angegeben) verwendet werden k\u00f6nnen. F\u00fcr weitere Informationen, was Cookies sind und wie sie funktionieren, besuchen Sie bitte die Website \"Alles \u00fcber Cookies\" http:\/\/www.allaboutcookies.org.<\/p><p><b>Bereiche der Kommunikation und des Datentransfers. <\/b><\/p><p>Zur Verfolgung der oben genannten Zwecke kann das Unternehmen personenbezogene Daten von Benutzern\/Kunden an Dritte, mit denen wir Beziehungen unterhalten, \u00fcbermitteln und von diesen verarbeiten lassen, wenn diese Dritten auf unsere Anfrage hin Dienstleistungen erbringen. Wir werden diesen Dritten nur die Informationen zur Verf\u00fcgung stellen, die zur Ausf\u00fchrung der angeforderten Dienstleistungen erforderlich sind, wobei wir alle Ma\u00dfnahmen zum Schutz Ihrer pers\u00f6nlichen Daten ergreifen. Ihre Daten k\u00f6nnen au\u00dferhalb des Europ\u00e4ischen Wirtschaftsraums \u00fcbermittelt werden, wenn dies f\u00fcr die Verwaltung Ihres Vertragsverh\u00e4ltnisses erforderlich ist. In diesem Fall unterliegen die Empf\u00e4nger der Daten Schutz- und Sicherheitsverpflichtungen, die den vom f\u00fcr die Datenverarbeitung Verantwortlichen garantierten gleichwertig sind. Im Falle der Nutzung von Dienstleistungen, die direkt von den Partnern angeboten werden, werden wir nur die Daten zur Verf\u00fcgung stellen, die f\u00fcr deren Ausf\u00fchrung unbedingt notwendig sind. In jedem Fall stellen wir nur die Daten zur Verf\u00fcgung, die zur Verfolgung der beabsichtigten Zwecke erforderlich sind, und wenden, soweit erforderlich, die f\u00fcr Daten\u00fcbermittlungen in Drittl\u00e4nder geltenden Garantien an. Wir k\u00f6nnen personenbezogene Daten auch an unsere kommerziellen Dienstleistungsanbieter zu Marketingzwecken weitergeben, die zu diesem Zweck externe Datenverarbeiter einsetzen. Dar\u00fcber hinaus k\u00f6nnen personenbezogene Daten an die zust\u00e4ndigen \u00f6ffentlichen Einrichtungen und Beh\u00f6rden \u00fcbermittelt werden, um den gesetzlichen Verpflichtungen nachzukommen oder um die Verantwortung im Falle von Computerkriminalit\u00e4t gegen die Website festzustellen, sowie an Dritte (in ihrer Eigenschaft als Verantwortliche oder, im Falle von Anbietern elektronischer Kommunikationsdienste, unabh\u00e4ngige Datenkontrolleure), die Computer- und Telematikdienste anbieten (z.B.: Hosting-Dienste, Verwaltung und Entwicklung von Websites) und die das Unternehmen zur Durchf\u00fchrung von Aufgaben und T\u00e4tigkeiten technischer und organisatorischer Art, die f\u00fcr das Funktionieren der Website von Bedeutung sind, verwendet. Die zu den oben genannten Kategorien geh\u00f6renden Subjekte arbeiten als getrennte Datenkontrolleure oder als von der Gesellschaft zu diesem Zweck ernannte Manager.<\/p><p>Die pers\u00f6nlichen Daten k\u00f6nnen auch den Mitarbeitern\/Beratern von Tecnoplus srl bekannt sein, die speziell als Datenverarbeiter beauftragt und ernannt werden.<\/p><p>Die Kategorien von Adressaten, an die Daten weitergegeben werden k\u00f6nnen, sind bei den untenstehenden Adressen erh\u00e4ltlich.<\/p><p><b>Rechte der betroffenen Personen <\/b><\/p><p>Sie k\u00f6nnen jederzeit die Ihnen gesetzlich zustehenden Rechte, einschlie\u00dflich dieses Rechts, aus\u00fcben:<\/p><p>a) um Zugang zu Ihren pers\u00f6nlichen Daten zu erhalten, um Nachweise \u00fcber die vom Inhaber der Datenverarbeitung verfolgten Zwecke, die betroffenen Datenkategorien, die Empf\u00e4nger, denen die Daten mitgeteilt werden k\u00f6nnen, die geltende Aufbewahrungsfrist, das Vorhandensein automatisierter Entscheidungsprozesse zu erhalten;<\/p><p>b) die unverz\u00fcgliche Berichtigung unrichtiger personenbezogener Daten, die Sie betreffen, zu erwirken;<\/p><p>c) in den vorgesehenen F\u00e4llen die L\u00f6schung Ihrer Daten zu erwirken;<\/p><p>d) die Einschr\u00e4nkung der Verarbeitung zu erwirken oder, wenn m\u00f6glich, Einspruch dagegen einzulegen;<\/p><p>e) die \u00dcbertragbarkeit der von Ihnen gelieferten Daten zu beantragen, d.h. diese in einem strukturierten Format zu erhalten, das allgemein gebr\u00e4uchlich und automatisch lesbar ist, und diese Daten auch an einen anderen f\u00fcr die Datenverarbeitung Verantwortlichen zu \u00fcbermitteln, innerhalb der Grenzen und Einschr\u00e4nkungen, die in Art. 20 des GDPR vorgesehen sind.<\/p><p>Sie k\u00f6nnen auch eine Beschwerde bei der Datenschutzbeh\u00f6rde gem\u00e4\u00df Artikel 77 des GDPR einreichen.<\/p><p>F\u00fcr die unter Punkt 4) genannten Verarbeitungen kann der Kunde jederzeit seine Einwilligung widerrufen und von seinem Recht Gebrauch machen, sich dem Direktmarketing (in \"traditioneller\" und \"automatisierter\" Form) zu widersetzen. Der Widerspruch bezieht sich, sofern nichts anderes angegeben ist, sowohl auf die traditionelle als auch auf die automatisierte Kommunikation. Tecnoplus srl Via Cilavegna, 53 27020 Gravellona Lomellina (PV)<\/p><p><b>Datenkontrolleur <\/b><\/p><p>Der Verantwortliche f\u00fcr die Datenverarbeitung im Sinne von Art. 4 des Kodex und der GDPR ist Tecnoplus srl.<\/p><p>Die oben genannten Rechte k\u00f6nnen auf Antrag des Betroffenen in der vom Kundendienst oder auf der Website des Unternehmens bekannt gegebenen Weise oder unter Verwendung der folgenden Referenzen ausge\u00fcbt werden: t.arlenghi@sistemairgroup.it.<\/p><p>Die Nutzung der Website, einschlie\u00dflich der f\u00fcr Tablets und\/oder Smartphones bestimmten Website, durch den Kunden und\/oder den Benutzer setzt die vollst\u00e4ndige Kenntnis und Akzeptanz des Inhalts und aller Informationen voraus, die in dieser Version der von Tecnoplus srl zum Zeitpunkt des Zugriffs auf die Website ver\u00f6ffentlichten Informationsschrift enthalten sind. Das Unternehmen weist darauf hin, dass diese Informationen ohne Vorank\u00fcndigung ge\u00e4ndert werden k\u00f6nnen und empfiehlt daher, sie regelm\u00e4\u00dfig zu lesen.<\/p><p>Der f\u00fcr die Datenverarbeitung Verantwortliche<\/p><p><strong>Tecnoplus srl <\/strong><\/p><p>Diese Datenschutzrichtlinie wurde am 22.06.21 aktualisiert.<\/p>\t\t\t\t\t\t\t\t<\/div>\n\t\t\t\t<\/div>\n\t\t\t\t\t<\/div>\n\t\t<\/div>\n\t\t\t\t\t<\/div>\n\t\t<\/section>\n\t\t\t\t<\/div>","protected":false},"excerpt":{"rendered":"<p>PRIVACY POLICY Tecnoplus srl Via Cilavegna, 53 27020 Gravellona Lomellina (PV) Informativa sul trattamento dei dati personali degli utenti del sito web Artt. 13 e 14 del Regolamento 2016\/679\/UE (nel seguito anche \u201cGDPR\u201d) Perch\u00e9 questo avviso Tecnoplus srl (nel seguito anche \u201cAzienda\u201d o \u201cTitolare\u201d) \u00e8 impegnata nel rispetto e nella protezione della tua privacy e&hellip;&nbsp;<a href=\"https:\/\/advanceeasymoving.it\/de\/privacy-policy\/\" rel=\"bookmark\">Weiterlesen &raquo;<span class=\"screen-reader-text\">Privacy<\/span><\/a><\/p>","protected":false},"author":1,"featured_media":0,"parent":0,"menu_order":0,"comment_status":"closed","ping_status":"closed","template":"page-templates\/template-pagebuilder-full-width.php","meta":{"neve_meta_sidebar":"","neve_meta_container":"","neve_meta_enable_content_width":"","neve_meta_content_width":70,"neve_meta_title_alignment":"","neve_meta_author_avatar":"","neve_post_elements_order":"","neve_meta_disable_header":"","neve_meta_disable_footer":"","neve_meta_disable_title":"","_themeisle_gutenberg_block_has_review":false,"_joinchat":[],"footnotes":""},"class_list":["post-2807","page","type-page","status-publish","hentry"],"_links":{"self":[{"href":"https:\/\/advanceeasymoving.it\/de\/wp-json\/wp\/v2\/pages\/2807","targetHints":{"allow":["GET"]}}],"collection":[{"href":"https:\/\/advanceeasymoving.it\/de\/wp-json\/wp\/v2\/pages"}],"about":[{"href":"https:\/\/advanceeasymoving.it\/de\/wp-json\/wp\/v2\/types\/page"}],"author":[{"embeddable":true,"href":"https:\/\/advanceeasymoving.it\/de\/wp-json\/wp\/v2\/users\/1"}],"replies":[{"embeddable":true,"href":"https:\/\/advanceeasymoving.it\/de\/wp-json\/wp\/v2\/comments?post=2807"}],"version-history":[{"count":3,"href":"https:\/\/advanceeasymoving.it\/de\/wp-json\/wp\/v2\/pages\/2807\/revisions"}],"predecessor-version":[{"id":92327,"href":"https:\/\/advanceeasymoving.it\/de\/wp-json\/wp\/v2\/pages\/2807\/revisions\/92327"}],"wp:attachment":[{"href":"https:\/\/advanceeasymoving.it\/de\/wp-json\/wp\/v2\/media?parent=2807"}],"curies":[{"name":"wp","href":"https:\/\/api.w.org\/{rel}","templated":true}]}}